{"id":9,"date":"2025-02-14T11:19:55","date_gmt":"2025-02-14T10:19:55","guid":{"rendered":"https:\/\/www.jettransfer.sk\/?page_id=9"},"modified":"2026-03-21T14:01:56","modified_gmt":"2026-03-21T13:01:56","slug":"pohodlna-a-spolahliva-letiskova-doprava","status":"publish","type":"page","link":"https:\/\/www.jettransfer.sk\/en\/","title":{"rendered":"Pohodln\u00e1 a\u00a0Spo\u013eahliv\u00e1 Letiskov\u00e1 Doprava"},"content":{"rendered":"<h1 class=\"wp-block-heading\" id=\"brxe-ioljob\">Taxi Bratislava Schwechat,Budape\u0161\u0165,Praha.<\/h1>","protected":false},"excerpt":{"rendered":"<p>Taxi Bratislava Schwechat,Budape\u0161\u0165,Praha.<\/p>","protected":false},"author":1,"featured_media":81,"parent":0,"menu_order":0,"comment_status":"closed","ping_status":"closed","template":"","meta":{"rop_custom_images_group":[],"rop_custom_messages_group":[],"rop_publish_now":"initial","rop_publish_now_accounts":{"facebook_10236999621589258_229348913603105":""},"rop_publish_now_history":[],"rop_publish_now_status":"pending","footnotes":""},"class_list":["post-9","page","type-page","status-publish","has-post-thumbnail","hentry"],"yoast_head":"<!-- This site is optimized with the Yoast SEO plugin v27.5 - https:\/\/yoast.com\/product\/yoast-seo-wordpress\/ -->\n<title>Bratislava Schwechat taxi, Budape\u0161\u0165, Praha.<\/title>\n<meta name=\"description\" content=\"Bratislava Schwechat taxi. Spo\u013eahliv\u00e1 taxi doprava z Bratislavy na letisko u\u017e od 25 \u20ac . Jazd\u00edme denne 24\/7. Pohodln\u00e1 objedn\u00e1vka online.\" \/>\n<meta name=\"robots\" content=\"index, follow, max-snippet:-1, max-image-preview:large, max-video-preview:-1\" \/>\n<link rel=\"canonical\" href=\"https:\/\/www.jettransfer.sk\/en\/\" \/>\n<meta property=\"og:locale\" content=\"en_US\" \/>\n<meta property=\"og:type\" content=\"article\" \/>\n<meta property=\"og:title\" content=\"Spo\u013eahliv\u00e1 preprava na letisk\u00e1.\" \/>\n<meta property=\"og:description\" content=\"Taxi Bratislava Schwechat,Budapest,Praha.\" \/>\n<meta property=\"og:url\" content=\"https:\/\/www.jettransfer.sk\/en\/\" \/>\n<meta property=\"og:site_name\" content=\"JETTransfer\" \/>\n<meta property=\"article:publisher\" content=\"https:\/\/www.facebook.com\/profile.php?id=61557366056381&amp;sk=photos\" \/>\n<meta property=\"article:modified_time\" content=\"2026-03-21T13:01:56+00:00\" \/>\n<meta property=\"og:image\" content=\"https:\/\/www.jettransfer.sk\/wp-content\/uploads\/2025\/03\/11zon_resized.jpg\" \/>\n\t<meta property=\"og:image:width\" content=\"696\" \/>\n\t<meta property=\"og:image:height\" content=\"365\" \/>\n\t<meta property=\"og:image:type\" content=\"image\/jpeg\" \/>\n<meta name=\"twitter:card\" content=\"summary_large_image\" \/>\n<meta name=\"twitter:label1\" content=\"Est. reading time\" \/>\n\t<meta name=\"twitter:data1\" content=\"8 minutes\" \/>\n<script type=\"application\/ld+json\" class=\"yoast-schema-graph\">{\"@context\":\"https:\\\/\\\/schema.org\",\"@graph\":[{\"@type\":\"WebPage\",\"@id\":\"https:\\\/\\\/www.jettransfer.sk\\\/\",\"url\":\"https:\\\/\\\/www.jettransfer.sk\\\/\",\"name\":\"Bratislava Schwechat taxi, Budape\u0161\u0165, Praha.\",\"isPartOf\":{\"@id\":\"https:\\\/\\\/www.jettransfer.sk\\\/#website\"},\"primaryImageOfPage\":{\"@id\":\"https:\\\/\\\/www.jettransfer.sk\\\/#primaryimage\"},\"image\":{\"@id\":\"https:\\\/\\\/www.jettransfer.sk\\\/#primaryimage\"},\"thumbnailUrl\":\"https:\\\/\\\/www.jettransfer.sk\\\/wp-content\\\/uploads\\\/2025\\\/02\\\/unnamed-1.jpg\",\"datePublished\":\"2025-02-14T10:19:55+00:00\",\"dateModified\":\"2026-03-21T13:01:56+00:00\",\"description\":\"Bratislava Schwechat taxi. Spo\u013eahliv\u00e1 taxi doprava z Bratislavy na letisko u\u017e od 25 \u20ac . Jazd\u00edme denne 24\\\/7. Pohodln\u00e1 objedn\u00e1vka online.\",\"breadcrumb\":{\"@id\":\"https:\\\/\\\/www.jettransfer.sk\\\/#breadcrumb\"},\"inLanguage\":\"en-US\",\"potentialAction\":[{\"@type\":\"ReadAction\",\"target\":[\"https:\\\/\\\/www.jettransfer.sk\\\/\"]}]},{\"@type\":\"ImageObject\",\"inLanguage\":\"en-US\",\"@id\":\"https:\\\/\\\/www.jettransfer.sk\\\/#primaryimage\",\"url\":\"https:\\\/\\\/www.jettransfer.sk\\\/wp-content\\\/uploads\\\/2025\\\/02\\\/unnamed-1.jpg\",\"contentUrl\":\"https:\\\/\\\/www.jettransfer.sk\\\/wp-content\\\/uploads\\\/2025\\\/02\\\/unnamed-1.jpg\",\"width\":2500,\"height\":2148,\"caption\":\"taxi-schwechat-transfer\"},{\"@type\":\"BreadcrumbList\",\"@id\":\"https:\\\/\\\/www.jettransfer.sk\\\/#breadcrumb\",\"itemListElement\":[{\"@type\":\"ListItem\",\"position\":1,\"name\":\"Domovsk\u00e1 str\u00e1nka\",\"item\":\"https:\\\/\\\/www.jettransfer.sk\\\/\"},{\"@type\":\"ListItem\",\"position\":2,\"name\":\"Pohodln\u00e1 a\u00a0Spo\u013eahliv\u00e1 Letiskov\u00e1 Doprava\"}]},{\"@type\":\"WebSite\",\"@id\":\"https:\\\/\\\/www.jettransfer.sk\\\/#website\",\"url\":\"https:\\\/\\\/www.jettransfer.sk\\\/\",\"name\":\"Jettransfer | Osobn\u00e1 preprava\",\"description\":\"Spo\u013eahliv\u00e1 preprava na letisko\",\"publisher\":{\"@id\":\"https:\\\/\\\/www.jettransfer.sk\\\/#organization\"},\"potentialAction\":[{\"@type\":\"SearchAction\",\"target\":{\"@type\":\"EntryPoint\",\"urlTemplate\":\"https:\\\/\\\/www.jettransfer.sk\\\/?s={search_term_string}\"},\"query-input\":{\"@type\":\"PropertyValueSpecification\",\"valueRequired\":true,\"valueName\":\"search_term_string\"}}],\"inLanguage\":\"en-US\"},{\"@type\":\"Organization\",\"@id\":\"https:\\\/\\\/www.jettransfer.sk\\\/#organization\",\"name\":\"JETTransfer\",\"url\":\"https:\\\/\\\/www.jettransfer.sk\\\/\",\"logo\":{\"@type\":\"ImageObject\",\"inLanguage\":\"en-US\",\"@id\":\"https:\\\/\\\/www.jettransfer.sk\\\/#\\\/schema\\\/logo\\\/image\\\/\",\"url\":\"https:\\\/\\\/www.jettransfer.sk\\\/wp-content\\\/uploads\\\/2025\\\/04\\\/176032148_padded_logo-e1744719779712.png\",\"contentUrl\":\"https:\\\/\\\/www.jettransfer.sk\\\/wp-content\\\/uploads\\\/2025\\\/04\\\/176032148_padded_logo-e1744719779712.png\",\"width\":696,\"height\":696,\"caption\":\"JETTransfer\"},\"image\":{\"@id\":\"https:\\\/\\\/www.jettransfer.sk\\\/#\\\/schema\\\/logo\\\/image\\\/\"},\"sameAs\":[\"https:\\\/\\\/www.facebook.com\\\/profile.php?id=61557366056381&sk=photos\",\"https:\\\/\\\/www.instagram.com\\\/jettransfer.sk?igsh=MTc1NDN5NmRwN3Frcw&utm_source=qr\",\"https:\\\/\\\/www.linkedin.com\\\/in\\\/peter-zatko-446776335\"]}]}<\/script>\n<!-- \/ Yoast SEO plugin. -->","yoast_head_json":{"title":"Bratislava Schwechat taxi, Budape\u0161\u0165, Praha.","description":"Bratislava Schwechat taxi. Spo\u013eahliv\u00e1 taxi doprava z Bratislavy na letisko u\u017e od 25 \u20ac . Jazd\u00edme denne 24\/7. Pohodln\u00e1 objedn\u00e1vka online.","robots":{"index":"index","follow":"follow","max-snippet":"max-snippet:-1","max-image-preview":"max-image-preview:large","max-video-preview":"max-video-preview:-1"},"canonical":"https:\/\/www.jettransfer.sk\/en\/","og_locale":"en_US","og_type":"article","og_title":"Spo\u013eahliv\u00e1 preprava na letisk\u00e1.","og_description":"Taxi Bratislava Schwechat,Budapest,Praha.","og_url":"https:\/\/www.jettransfer.sk\/en\/","og_site_name":"JETTransfer","article_publisher":"https:\/\/www.facebook.com\/profile.php?id=61557366056381&sk=photos","article_modified_time":"2026-03-21T13:01:56+00:00","og_image":[{"width":696,"height":365,"url":"https:\/\/www.jettransfer.sk\/wp-content\/uploads\/2025\/03\/11zon_resized.jpg","type":"image\/jpeg"}],"twitter_card":"summary_large_image","twitter_misc":{"Est. reading time":"8 minutes"},"schema":{"@context":"https:\/\/schema.org","@graph":[{"@type":"WebPage","@id":"https:\/\/www.jettransfer.sk\/","url":"https:\/\/www.jettransfer.sk\/","name":"Bratislava Schwechat taxi, Budape\u0161\u0165, Praha.","isPartOf":{"@id":"https:\/\/www.jettransfer.sk\/#website"},"primaryImageOfPage":{"@id":"https:\/\/www.jettransfer.sk\/#primaryimage"},"image":{"@id":"https:\/\/www.jettransfer.sk\/#primaryimage"},"thumbnailUrl":"https:\/\/www.jettransfer.sk\/wp-content\/uploads\/2025\/02\/unnamed-1.jpg","datePublished":"2025-02-14T10:19:55+00:00","dateModified":"2026-03-21T13:01:56+00:00","description":"Bratislava Schwechat taxi. Spo\u013eahliv\u00e1 taxi doprava z Bratislavy na letisko u\u017e od 25 \u20ac . Jazd\u00edme denne 24\/7. Pohodln\u00e1 objedn\u00e1vka online.","breadcrumb":{"@id":"https:\/\/www.jettransfer.sk\/#breadcrumb"},"inLanguage":"en-US","potentialAction":[{"@type":"ReadAction","target":["https:\/\/www.jettransfer.sk\/"]}]},{"@type":"ImageObject","inLanguage":"en-US","@id":"https:\/\/www.jettransfer.sk\/#primaryimage","url":"https:\/\/www.jettransfer.sk\/wp-content\/uploads\/2025\/02\/unnamed-1.jpg","contentUrl":"https:\/\/www.jettransfer.sk\/wp-content\/uploads\/2025\/02\/unnamed-1.jpg","width":2500,"height":2148,"caption":"taxi-schwechat-transfer"},{"@type":"BreadcrumbList","@id":"https:\/\/www.jettransfer.sk\/#breadcrumb","itemListElement":[{"@type":"ListItem","position":1,"name":"Domovsk\u00e1 str\u00e1nka","item":"https:\/\/www.jettransfer.sk\/"},{"@type":"ListItem","position":2,"name":"Pohodln\u00e1 a\u00a0Spo\u013eahliv\u00e1 Letiskov\u00e1 Doprava"}]},{"@type":"WebSite","@id":"https:\/\/www.jettransfer.sk\/#website","url":"https:\/\/www.jettransfer.sk\/","name":"Jettransfer | Osobn\u00e1 preprava","description":"Spo\u013eahliv\u00e1 preprava na letisko","publisher":{"@id":"https:\/\/www.jettransfer.sk\/#organization"},"potentialAction":[{"@type":"SearchAction","target":{"@type":"EntryPoint","urlTemplate":"https:\/\/www.jettransfer.sk\/?s={search_term_string}"},"query-input":{"@type":"PropertyValueSpecification","valueRequired":true,"valueName":"search_term_string"}}],"inLanguage":"en-US"},{"@type":"Organization","@id":"https:\/\/www.jettransfer.sk\/#organization","name":"JETTransfer","url":"https:\/\/www.jettransfer.sk\/","logo":{"@type":"ImageObject","inLanguage":"en-US","@id":"https:\/\/www.jettransfer.sk\/#\/schema\/logo\/image\/","url":"https:\/\/www.jettransfer.sk\/wp-content\/uploads\/2025\/04\/176032148_padded_logo-e1744719779712.png","contentUrl":"https:\/\/www.jettransfer.sk\/wp-content\/uploads\/2025\/04\/176032148_padded_logo-e1744719779712.png","width":696,"height":696,"caption":"JETTransfer"},"image":{"@id":"https:\/\/www.jettransfer.sk\/#\/schema\/logo\/image\/"},"sameAs":["https:\/\/www.facebook.com\/profile.php?id=61557366056381&sk=photos","https:\/\/www.instagram.com\/jettransfer.sk?igsh=MTc1NDN5NmRwN3Frcw&utm_source=qr","https:\/\/www.linkedin.com\/in\/peter-zatko-446776335"]}]}},"_links":{"self":[{"href":"https:\/\/www.jettransfer.sk\/en\/wp-json\/wp\/v2\/pages\/9","targetHints":{"allow":["GET"]}}],"collection":[{"href":"https:\/\/www.jettransfer.sk\/en\/wp-json\/wp\/v2\/pages"}],"about":[{"href":"https:\/\/www.jettransfer.sk\/en\/wp-json\/wp\/v2\/types\/page"}],"author":[{"embeddable":true,"href":"https:\/\/www.jettransfer.sk\/en\/wp-json\/wp\/v2\/users\/1"}],"replies":[{"embeddable":true,"href":"https:\/\/www.jettransfer.sk\/en\/wp-json\/wp\/v2\/comments?post=9"}],"version-history":[{"count":101,"href":"https:\/\/www.jettransfer.sk\/en\/wp-json\/wp\/v2\/pages\/9\/revisions"}],"predecessor-version":[{"id":412,"href":"https:\/\/www.jettransfer.sk\/en\/wp-json\/wp\/v2\/pages\/9\/revisions\/412"}],"wp:featuredmedia":[{"embeddable":true,"href":"https:\/\/www.jettransfer.sk\/en\/wp-json\/wp\/v2\/media\/81"}],"wp:attachment":[{"href":"https:\/\/www.jettransfer.sk\/en\/wp-json\/wp\/v2\/media?parent=9"}],"curies":[{"name":"wp","href":"https:\/\/api.w.org\/{rel}","templated":true}]}}